{"id":44057,"date":"2024-07-22T06:50:00","date_gmt":"2024-07-22T06:50:00","guid":{"rendered":"https:\/\/wordpress.zozothemes.com\/tranzkart\/?page_id=44057"},"modified":"2026-03-09T04:44:32","modified_gmt":"2026-03-09T04:44:32","slug":"who-we-are","status":"publish","type":"page","link":"https:\/\/sunnytrans.com.vn\/vi\/who-we-are\/","title":{"rendered":"Who We Are"},"content":{"rendered":"<div data-elementor-type=\"wp-page\" data-elementor-id=\"44057\" class=\"elementor elementor-44057\">\n\t\t\t\t\t\t<section class=\"elementor-section elementor-top-section elementor-element elementor-element-36a25c33 elementor-section-stretched elementor-section-content-middle elementor-section-boxed elementor-section-height-default elementor-section-height-default content-parallax-no\" data-id=\"36a25c33\" data-element_type=\"section\" data-settings=\"{&quot;stretch_section&quot;:&quot;section-stretched&quot;,&quot;background_background&quot;:&quot;classic&quot;}\">\n\t\t\t\t\t\t\t<div class=\"elementor-background-overlay\"><\/div>\n\t\t\t\t\t\t\t<div class=\"elementor-container elementor-column-gap-extended\">\n\t\t\t\t\t<div class=\"elementor-column elementor-col-50 elementor-top-column elementor-element elementor-element-30fc5490\" data-id=\"30fc5490\" data-element_type=\"column\" data-settings=\"{&quot;background_background&quot;:&quot;classic&quot;}\">\n\t\t\t<div class=\"elementor-widget-wrap elementor-element-populated\">\n\t\t\t\t\t<div class=\"elementor-background-overlay\"><\/div>\n\t\t\t\t\t\t<div class=\"elementor-element elementor-element-5389399a secondary-bg-border elementor-widget__width-initial cea-separator-type-normal elementor-invisible elementor-widget elementor-widget-ceasectiontitle\" data-id=\"5389399a\" data-element_type=\"widget\" data-settings=\"{&quot;_animation&quot;:&quot;fadeInUp&quot;}\" data-widget_type=\"ceasectiontitle.default\">\n\t\t\t\t<div class=\"elementor-widget-container\">\n\t\t\t\t\t<div class=\"section-title-wrapper\"><div class=\"title-wrap\"><h6 class=\"sub-title\"><span class=\"subtitle-dots\" >\"K\u1ebft qu\u1ea3 \u0111\u00fang \u0111i \u0111\u00f4i v\u1edbi c\u00e1ch l\u00e0m \u0111\u00fang\"<\/span><\/h6><h2 class=\"section-title none cea-nrml\" data-animation=\"none\"  >Our Performance<\/h2><div class=\"elementor-divider\"><span class=\"elementor-divider-separator\"><\/span><\/div><\/div><!-- .title-wrap --><div class=\"section-description\"><p class=\"section-content\"> Ch\u00fang t\u00f4i lu\u00f4n h\u01b0\u1edbng \u0111\u1ebfn m\u1ee5c ti\u00eau \u0111\u00e0o t\u1ea1o v\u00e0 nu\u00f4i d\u01b0\u1ee1ng nh\u00e2n t\u00e0i cho x\u00e3 h\u1ed9i v\u00e0 \u0111\u1ea5t n\u01b0\u1edbc\n<\/p><\/div><!-- .section-description --><\/div><!-- .section-title-wrapper -->\t\t\t\t<\/div>\n\t\t\t\t<\/div>\n\t\t\t\t<section class=\"elementor-section elementor-inner-section elementor-element elementor-element-78bf87f5 elementor-section-content-middle elementor-section-boxed elementor-section-height-default elementor-section-height-default content-parallax-no\" data-id=\"78bf87f5\" data-element_type=\"section\">\n\t\t\t\t\t\t<div class=\"elementor-container elementor-column-gap-default\">\n\t\t\t\t\t<div class=\"elementor-column elementor-col-50 elementor-inner-column elementor-element elementor-element-435ec2ac elementor-invisible\" data-id=\"435ec2ac\" data-element_type=\"column\" data-settings=\"{&quot;background_background&quot;:&quot;classic&quot;,&quot;animation&quot;:&quot;fadeInUp&quot;}\">\n\t\t\t<div class=\"elementor-widget-wrap elementor-element-populated\">\n\t\t\t\t\t<div class=\"elementor-background-overlay\"><\/div>\n\t\t\t\t\t\t<div class=\"elementor-element elementor-element-2c12af5c elementor-widget elementor-widget-heading\" data-id=\"2c12af5c\" data-element_type=\"widget\" data-widget_type=\"heading.default\">\n\t\t\t\t\t<h2 class=\"elementor-heading-title elementor-size-default\">30+ N\u0103m<br> kinh nghi\u1ec7m<\/h2>\t\t\t\t<\/div>\n\t\t\t\t<div class=\"elementor-element elementor-element-528467dc elementor--star-style-star_unicode elementor-star-rating-tablet--align-center cus-ratings elementor-invisible elementor-widget elementor-widget-star-rating\" data-id=\"528467dc\" data-element_type=\"widget\" data-settings=\"{&quot;_animation&quot;:&quot;fadeInUp&quot;}\" data-widget_type=\"star-rating.default\">\n\t\t\t\t\t\t\t<div class=\"elementor-star-rating__wrapper\">\n\t\t\t\t\t\t<div class=\"elementor-star-rating\" itemtype=\"http:\/\/schema.org\/Rating\" itemscope=\"\" itemprop=\"reviewRating\">\n\t\t\t\t<i class=\"elementor-star-full\" aria-hidden=\"true\">&#9733;<\/i><i class=\"elementor-star-full\" aria-hidden=\"true\">&#9733;<\/i><i class=\"elementor-star-full\" aria-hidden=\"true\">&#9733;<\/i><i class=\"elementor-star-full\" aria-hidden=\"true\">&#9733;<\/i><i class=\"elementor-star-full\" aria-hidden=\"true\">&#9733;<\/i>\t\t\t\t<span itemprop=\"ratingValue\" class=\"elementor-screen-only\">Rated 5 out of 5<\/span>\n\t\t\t<\/div>\n\t\t<\/div>\n\t\t\t\t\t\t<\/div>\n\t\t\t\t\t<\/div>\n\t\t<\/div>\n\t\t\t\t<div class=\"elementor-column elementor-col-50 elementor-inner-column elementor-element elementor-element-71518b67\" data-id=\"71518b67\" data-element_type=\"column\">\n\t\t\t<div class=\"elementor-widget-wrap elementor-element-populated\">\n\t\t\t\t\t\t<div class=\"elementor-element elementor-element-59a4e89e cea-view-stacked cea-shape-circle elementor-invisible elementor-widget elementor-widget-ceafeaturebox\" data-id=\"59a4e89e\" data-element_type=\"widget\" data-settings=\"{&quot;_animation&quot;:&quot;fadeInUp&quot;}\" data-widget_type=\"ceafeaturebox.default\">\n\t\t\t\t<div class=\"elementor-widget-container feature-box-wrapper feature-box-default\">\n\t\t\t<div class=\"feature-box-inner\"><div class=\"cea-featured-icon\"><i aria-hidden=\"true\" class=\"bi-x-diamond\"><\/i><\/div><h4 class=\"feature-box-title\">Gi\u1ea3i ph\u00e1p to\u00e0n di\u1ec7n<\/h4><div class=\"fbox-content\">Ch\u00fang t\u00f4i cung c\u1ea5p m\u1ed9t h\u1ec7 sinh th\u00e1i gi\u1ea3i ph\u00e1p logistics chuy\u00ean s\u00e2u \u2014 bao g\u1ed3m v\u1eadn t\u1ea3i \u0111\u01b0\u1eddng bi\u1ec3n, \u0111\u01b0\u1eddng h\u00e0ng kh\u00f4ng, d\u1ecbch v\u1ee5 giao nh\u1eadn t\u1eadn n\u01a1i (Door-to-Door), th\u1ee7 t\u1ee5c h\u1ea3i quan, l\u01b0u kho b\u00e3i v\u00e0 x\u1eed l\u00fd h\u00e0ng d\u1ef1 \u00e1n. M\u1ecdi quy tr\u00ecnh \u0111\u1ec1u \u0111\u01b0\u1ee3c thi\u1ebft k\u1ebf chu\u1ea9n x\u00e1c nh\u1eb1m t\u1ed1i \u01b0u h\u00f3a t\u1ed1i \u0111a th\u1eddi gian v\u00e0 chi ph\u00ed cho c\u00e1c doanh nghi\u1ec7p tr\u00ean quy m\u00f4 to\u00e0n c\u1ea7u.<\/div><\/div>\t\t<\/div>\n\t\t\t\t<\/div>\n\t\t\t\t\t<\/div>\n\t\t<\/div>\n\t\t\t\t\t<\/div>\n\t\t<\/section>\n\t\t\t\t\t<\/div>\n\t\t<\/div>\n\t\t\t\t<div class=\"elementor-column elementor-col-50 elementor-top-column elementor-element elementor-element-2333df8\" data-id=\"2333df8\" data-element_type=\"column\">\n\t\t\t<div class=\"elementor-widget-wrap elementor-element-populated\">\n\t\t\t\t\t\t<section class=\"elementor-section elementor-inner-section elementor-element elementor-element-13484f1f elementor-section-boxed elementor-section-height-default elementor-section-height-default content-parallax-no\" data-id=\"13484f1f\" data-element_type=\"section\" data-settings=\"{&quot;background_background&quot;:&quot;classic&quot;}\">\n\t\t\t\t\t\t\t<div class=\"elementor-background-overlay\"><\/div>\n\t\t\t\t\t\t\t<div class=\"elementor-container elementor-column-gap-default\">\n\t\t\t\t\t<div class=\"elementor-column elementor-col-100 elementor-inner-column elementor-element elementor-element-1a628c\" data-id=\"1a628c\" data-element_type=\"column\">\n\t\t\t<div class=\"elementor-widget-wrap elementor-element-populated\">\n\t\t\t\t\t\t<div class=\"elementor-element elementor-element-32b9ebff secondary-bg-border elementor-invisible elementor-widget elementor-widget-ceasectiontitle\" data-id=\"32b9ebff\" data-element_type=\"widget\" data-settings=\"{&quot;_animation&quot;:&quot;fadeInUp&quot;}\" data-widget_type=\"ceasectiontitle.default\">\n\t\t\t\t<div class=\"elementor-widget-container\">\n\t\t\t\t\t<div class=\"section-title-wrapper\"><div class=\"title-wrap\"><h4 class=\"section-title none cea-nrml\" data-animation=\"none\"  >Achievements<\/h4><\/div><!-- .title-wrap --><div class=\"section-description\"><\/div><!-- .section-description --><\/div><!-- .section-title-wrapper -->\t\t\t\t<\/div>\n\t\t\t\t<\/div>\n\t\t\t\t<div class=\"elementor-element elementor-element-1321128e elementor-align-left elementor-widget elementor-widget-ceaiconlist\" data-id=\"1321128e\" data-element_type=\"widget\" data-widget_type=\"ceaiconlist.default\">\n\t\t\t\t<div class=\"elementor-widget-container\">\n\t\t\t\t\t\t\t\n\t\t<ul class=\"nav flex-column cea-icon-list\">\n\t\t<li class=\"cea-icon-list-item\">\t\t\t\t\t<span class=\"cea-icon-list-icon\">\n\t\t\t\t\t\t<i aria-hidden=\"true\" class=\"bi-chevron-double-right\"><\/i>\t\t\t\t\t<\/span>\n\t\t\t\t<span class=\"icon-list-text\">\u0110\u1ed9i ng\u0169 nh\u00e2n s\u1ef1 h\u01a1n 60 ng\u01b0\u1eddi d\u00e0y d\u1ea1n kinh nghi\u1ec7m, am hi\u1ec3u t\u01b0\u1eddng t\u1eadn nghi\u1ec7p v\u1ee5 v\u1eadn h\u00e0nh.<\/span><\/li><li class=\"cea-icon-list-item\">\t\t\t\t\t<span class=\"cea-icon-list-icon\">\n\t\t\t\t\t\t<i aria-hidden=\"true\" class=\"bi-chevron-double-right\"><\/i>\t\t\t\t\t<\/span>\n\t\t\t\t<span class=\"icon-list-text\">18.000 container v\u1eadn chuy\u1ec3n m\u1ed7i n\u0103m: Minh ch\u1ee9ng cho quy m\u00f4 v\u1eadn t\u1ea3i bi\u1ec3n m\u1ea1nh m\u1ebd v\u00e0 s\u1ef1 tin t\u01b0\u1edfng t\u1eeb \u0111\u1ed1i t\u00e1c.<\/span><\/li><li class=\"cea-icon-list-item\">\t\t\t\t\t<span class=\"cea-icon-list-icon\">\n\t\t\t\t\t\t<i aria-hidden=\"true\" class=\"bi-chevron-double-right\"><\/i>\t\t\t\t\t<\/span>\n\t\t\t\t<span class=\"icon-list-text\">500 l\u01b0\u1ee3t t\u00e0u c\u1eadp c\u1ea3ng h\u00e0ng n\u0103m: Kh\u1eb3ng \u0111\u1ecbnh n\u0103ng l\u1ef1c \u0111\u1ea1i l\u00fd t\u00e0u bi\u1ec3n v\u00e0 qu\u1ea3n l\u00fd h\u00e0ng h\u1ea3i chuy\u00ean nghi\u1ec7p.<\/span><\/li><li class=\"cea-icon-list-item\">\t\t\t\t\t<span class=\"cea-icon-list-icon\">\n\t\t\t\t\t\t<i aria-hidden=\"true\" class=\"bi-chevron-double-right\"><\/i>\t\t\t\t\t<\/span>\n\t\t\t\t<span class=\"icon-list-text\">H\u01a1n 1,5 tri\u1ec7u t\u1ea5n h\u00e0ng h\u00f3a h\u00e0ng kh\u00f4ng m\u1ed7i n\u0103m: \u0110\u1ea3m b\u1ea3o t\u1ed1c \u0111\u1ed9 v\u00e0 s\u1ef1 l\u01b0u th\u00f4ng th\u00f4ng su\u1ed1t cho nh\u1eefng chuy\u1ebfn h\u00e0ng c\u1ea5p thi\u1ebft.<\/span><\/li><li class=\"cea-icon-list-item\">\t\t\t\t\t<span class=\"cea-icon-list-icon\">\n\t\t\t\t\t\t<i aria-hidden=\"true\" class=\"bi-chevron-double-right\"><\/i>\t\t\t\t\t<\/span>\n\t\t\t\t<span class=\"icon-list-text\">H\u01a1n 1.200 phuy d\u1ea7u nh\u1eddn ph\u00e2n ph\u1ed1i m\u1ed7i th\u00e1ng: V\u1ecb th\u1ebf d\u1eabn \u0111\u1ea7u trong m\u1ea3ng cung \u1ee9ng d\u1ea7u nh\u1eddn c\u00f4ng nghi\u1ec7p t\u1ea1i th\u1ecb tr\u01b0\u1eddng Vi\u1ec7t Nam.<\/span><\/li>\t\t<\/ul>\n\t\t\n\t\t\t\t\t\t<\/div>\n\t\t\t\t<\/div>\n\t\t\t\t\t<\/div>\n\t\t<\/div>\n\t\t\t\t\t<\/div>\n\t\t<\/section>\n\t\t\t\t\t<\/div>\n\t\t<\/div>\n\t\t\t\t\t<\/div>\n\t\t<\/section>\n\t\t<div class=\"elementor-element elementor-element-53596fd e-flex e-con-boxed content-parallax-no e-con e-parent\" data-id=\"53596fd\" data-element_type=\"container\">\n\t\t\t\t\t<div class=\"e-con-inner\">\n\t\t<div class=\"elementor-element elementor-element-3f74d66 e-grid e-con-full content-parallax-no e-con e-child\" data-id=\"3f74d66\" data-element_type=\"container\">\n\t\t\t\t<div class=\"elementor-element elementor-element-35861ba elementor-widget elementor-widget-image\" data-id=\"35861ba\" data-element_type=\"widget\" data-widget_type=\"image.default\">\n\t\t\t\t\t\t\t\t\t\t\t\t\t\t\t<img fetchpriority=\"high\" decoding=\"async\" width=\"1140\" height=\"676\" src=\"https:\/\/sunnytrans.com.vn\/wp-content\/uploads\/2026\/03\/495549085_2947494105424605_1173761803875957456_n-1170x694.jpg\" class=\"attachment-large size-large wp-image-44935\" alt=\"\" srcset=\"https:\/\/sunnytrans.com.vn\/wp-content\/uploads\/2026\/03\/495549085_2947494105424605_1173761803875957456_n-1170x694.jpg 1170w, https:\/\/sunnytrans.com.vn\/wp-content\/uploads\/2026\/03\/495549085_2947494105424605_1173761803875957456_n-768x456.jpg 768w\" sizes=\"(max-width: 1140px) 100vw, 1140px\" \/>\t\t\t\t\t\t\t\t\t\t\t\t\t\t\t<\/div>\n\t\t\t\t<div class=\"elementor-element elementor-element-7ee431b elementor-widget elementor-widget-image\" data-id=\"7ee431b\" data-element_type=\"widget\" data-widget_type=\"image.default\">\n\t\t\t\t\t\t\t\t\t\t\t\t\t\t\t<img decoding=\"async\" width=\"1140\" height=\"676\" src=\"https:\/\/sunnytrans.com.vn\/wp-content\/uploads\/2026\/03\/493407703_2931894406984575_7280315190293706950_n-1170x694.jpg\" class=\"attachment-large size-large wp-image-44930\" alt=\"\" srcset=\"https:\/\/sunnytrans.com.vn\/wp-content\/uploads\/2026\/03\/493407703_2931894406984575_7280315190293706950_n-1170x694.jpg 1170w, https:\/\/sunnytrans.com.vn\/wp-content\/uploads\/2026\/03\/493407703_2931894406984575_7280315190293706950_n-768x456.jpg 768w\" sizes=\"(max-width: 1140px) 100vw, 1140px\" \/>\t\t\t\t\t\t\t\t\t\t\t\t\t\t\t<\/div>\n\t\t\t\t<div class=\"elementor-element elementor-element-e0bb777 elementor-widget elementor-widget-image\" data-id=\"e0bb777\" data-element_type=\"widget\" data-widget_type=\"image.default\">\n\t\t\t\t\t\t\t\t\t\t\t\t\t\t\t<img decoding=\"async\" width=\"1140\" height=\"676\" src=\"https:\/\/sunnytrans.com.vn\/wp-content\/uploads\/2026\/03\/492444714_2931894666984549_5646627784573235373_n-1170x694.jpg\" class=\"attachment-large size-large wp-image-44928\" alt=\"\" srcset=\"https:\/\/sunnytrans.com.vn\/wp-content\/uploads\/2026\/03\/492444714_2931894666984549_5646627784573235373_n-1170x694.jpg 1170w, https:\/\/sunnytrans.com.vn\/wp-content\/uploads\/2026\/03\/492444714_2931894666984549_5646627784573235373_n-768x456.jpg 768w\" sizes=\"(max-width: 1140px) 100vw, 1140px\" \/>\t\t\t\t\t\t\t\t\t\t\t\t\t\t\t<\/div>\n\t\t\t\t<div class=\"elementor-element elementor-element-82c0ed1 elementor-widget elementor-widget-image\" data-id=\"82c0ed1\" data-element_type=\"widget\" data-widget_type=\"image.default\">\n\t\t\t\t\t\t\t\t\t\t\t\t\t\t\t<img loading=\"lazy\" decoding=\"async\" width=\"1140\" height=\"676\" src=\"https:\/\/sunnytrans.com.vn\/wp-content\/uploads\/2026\/03\/492363005_2931893273651355_2933280634135057657_n-1170x694.jpg\" class=\"attachment-large size-large wp-image-44927\" alt=\"\" srcset=\"https:\/\/sunnytrans.com.vn\/wp-content\/uploads\/2026\/03\/492363005_2931893273651355_2933280634135057657_n-1170x694.jpg 1170w, https:\/\/sunnytrans.com.vn\/wp-content\/uploads\/2026\/03\/492363005_2931893273651355_2933280634135057657_n-768x456.jpg 768w\" sizes=\"(max-width: 1140px) 100vw, 1140px\" \/>\t\t\t\t\t\t\t\t\t\t\t\t\t\t\t<\/div>\n\t\t\t\t<div class=\"elementor-element elementor-element-c9874b9 elementor-widget elementor-widget-image\" data-id=\"c9874b9\" data-element_type=\"widget\" data-widget_type=\"image.default\">\n\t\t\t\t\t\t\t\t\t\t\t\t\t\t\t<img loading=\"lazy\" decoding=\"async\" width=\"1140\" height=\"676\" src=\"https:\/\/sunnytrans.com.vn\/wp-content\/uploads\/2026\/03\/492550202_2931894643651218_2344320272270633815_n-1170x694.jpg\" class=\"attachment-large size-large wp-image-44929\" alt=\"\" srcset=\"https:\/\/sunnytrans.com.vn\/wp-content\/uploads\/2026\/03\/492550202_2931894643651218_2344320272270633815_n-1170x694.jpg 1170w, https:\/\/sunnytrans.com.vn\/wp-content\/uploads\/2026\/03\/492550202_2931894643651218_2344320272270633815_n-768x456.jpg 768w\" sizes=\"(max-width: 1140px) 100vw, 1140px\" \/>\t\t\t\t\t\t\t\t\t\t\t\t\t\t\t<\/div>\n\t\t\t\t<div class=\"elementor-element elementor-element-780569e elementor-widget elementor-widget-image\" data-id=\"780569e\" data-element_type=\"widget\" data-widget_type=\"image.default\">\n\t\t\t\t\t\t\t\t\t\t\t\t\t\t\t<img loading=\"lazy\" decoding=\"async\" width=\"1140\" height=\"676\" src=\"https:\/\/sunnytrans.com.vn\/wp-content\/uploads\/2026\/03\/492245468_2931894746984541_6830670190548945892_n-1170x694.jpg\" class=\"attachment-large size-large wp-image-44926\" alt=\"\" srcset=\"https:\/\/sunnytrans.com.vn\/wp-content\/uploads\/2026\/03\/492245468_2931894746984541_6830670190548945892_n-1170x694.jpg 1170w, https:\/\/sunnytrans.com.vn\/wp-content\/uploads\/2026\/03\/492245468_2931894746984541_6830670190548945892_n-768x456.jpg 768w\" sizes=\"(max-width: 1140px) 100vw, 1140px\" \/>\t\t\t\t\t\t\t\t\t\t\t\t\t\t\t<\/div>\n\t\t\t\t<\/div>\n\t\t\t\t\t<\/div>\n\t\t\t\t<\/div>\n\t\t<div class=\"elementor-element elementor-element-ec7eeb4 e-grid e-con-boxed content-parallax-no e-con e-parent\" data-id=\"ec7eeb4\" data-element_type=\"container\">\n\t\t\t\t\t<div class=\"e-con-inner\">\n\t\t\t\t<div class=\"elementor-element elementor-element-485ca4e elementor-widget elementor-widget-image\" data-id=\"485ca4e\" data-element_type=\"widget\" data-widget_type=\"image.default\">\n\t\t\t\t\t\t\t\t\t\t\t\t\t\t\t<img loading=\"lazy\" decoding=\"async\" width=\"1140\" height=\"676\" src=\"https:\/\/sunnytrans.com.vn\/wp-content\/uploads\/2026\/03\/494006922_2934559083384774_5536757607436488371_n-1170x694.jpg\" class=\"attachment-large size-large wp-image-44934\" alt=\"\" srcset=\"https:\/\/sunnytrans.com.vn\/wp-content\/uploads\/2026\/03\/494006922_2934559083384774_5536757607436488371_n-1170x694.jpg 1170w, https:\/\/sunnytrans.com.vn\/wp-content\/uploads\/2026\/03\/494006922_2934559083384774_5536757607436488371_n-768x456.jpg 768w\" sizes=\"(max-width: 1140px) 100vw, 1140px\" \/>\t\t\t\t\t\t\t\t\t\t\t\t\t\t\t<\/div>\n\t\t\t\t<div class=\"elementor-element elementor-element-7cde2d8 elementor-widget elementor-widget-image\" data-id=\"7cde2d8\" data-element_type=\"widget\" data-widget_type=\"image.default\">\n\t\t\t\t\t\t\t\t\t\t\t\t\t\t\t<img loading=\"lazy\" decoding=\"async\" width=\"1140\" height=\"676\" src=\"https:\/\/sunnytrans.com.vn\/wp-content\/uploads\/2026\/03\/493871377_2934559093384773_6231623213080851624_n-1170x694.jpg\" class=\"attachment-large size-large wp-image-44932\" alt=\"\" srcset=\"https:\/\/sunnytrans.com.vn\/wp-content\/uploads\/2026\/03\/493871377_2934559093384773_6231623213080851624_n-1170x694.jpg 1170w, https:\/\/sunnytrans.com.vn\/wp-content\/uploads\/2026\/03\/493871377_2934559093384773_6231623213080851624_n-768x456.jpg 768w\" sizes=\"(max-width: 1140px) 100vw, 1140px\" \/>\t\t\t\t\t\t\t\t\t\t\t\t\t\t\t<\/div>\n\t\t\t\t<div class=\"elementor-element elementor-element-d0599d6 elementor-widget elementor-widget-image\" data-id=\"d0599d6\" data-element_type=\"widget\" data-widget_type=\"image.default\">\n\t\t\t\t\t\t\t\t\t\t\t\t\t\t\t<img loading=\"lazy\" decoding=\"async\" width=\"1140\" height=\"676\" src=\"https:\/\/sunnytrans.com.vn\/wp-content\/uploads\/2026\/03\/493803405_2931894646984551_2292838452234425341_n-1170x694.jpg\" class=\"attachment-large size-large wp-image-44931\" alt=\"\" srcset=\"https:\/\/sunnytrans.com.vn\/wp-content\/uploads\/2026\/03\/493803405_2931894646984551_2292838452234425341_n-1170x694.jpg 1170w, https:\/\/sunnytrans.com.vn\/wp-content\/uploads\/2026\/03\/493803405_2931894646984551_2292838452234425341_n-768x456.jpg 768w\" sizes=\"(max-width: 1140px) 100vw, 1140px\" \/>\t\t\t\t\t\t\t\t\t\t\t\t\t\t\t<\/div>\n\t\t\t\t<div class=\"elementor-element elementor-element-2445566 elementor-widget elementor-widget-image\" data-id=\"2445566\" data-element_type=\"widget\" data-widget_type=\"image.default\">\n\t\t\t\t\t\t\t\t\t\t\t\t\t\t\t<img loading=\"lazy\" decoding=\"async\" width=\"1140\" height=\"676\" src=\"https:\/\/sunnytrans.com.vn\/wp-content\/uploads\/2021\/02\/143088287_176613094222908_3366502098858026951_n-1170x694.jpg\" class=\"attachment-large size-large wp-image-44873\" alt=\"\" srcset=\"https:\/\/sunnytrans.com.vn\/wp-content\/uploads\/2021\/02\/143088287_176613094222908_3366502098858026951_n-1170x694.jpg 1170w, https:\/\/sunnytrans.com.vn\/wp-content\/uploads\/2021\/02\/143088287_176613094222908_3366502098858026951_n-768x456.jpg 768w\" sizes=\"(max-width: 1140px) 100vw, 1140px\" \/>\t\t\t\t\t\t\t\t\t\t\t\t\t\t\t<\/div>\n\t\t\t\t<div class=\"elementor-element elementor-element-f6c220c elementor-widget elementor-widget-image\" data-id=\"f6c220c\" data-element_type=\"widget\" data-widget_type=\"image.default\">\n\t\t\t\t\t\t\t\t\t\t\t\t\t\t\t<img loading=\"lazy\" decoding=\"async\" width=\"1140\" height=\"676\" src=\"https:\/\/sunnytrans.com.vn\/wp-content\/uploads\/2026\/03\/492329829_2931893080318041_250206451426441313_n-1170x694.jpg\" class=\"attachment-large size-large wp-image-44946\" alt=\"\" srcset=\"https:\/\/sunnytrans.com.vn\/wp-content\/uploads\/2026\/03\/492329829_2931893080318041_250206451426441313_n-1170x694.jpg 1170w, https:\/\/sunnytrans.com.vn\/wp-content\/uploads\/2026\/03\/492329829_2931893080318041_250206451426441313_n-768x456.jpg 768w\" sizes=\"(max-width: 1140px) 100vw, 1140px\" \/>\t\t\t\t\t\t\t\t\t\t\t\t\t\t\t<\/div>\n\t\t\t\t<div class=\"elementor-element elementor-element-97ce049 elementor-widget elementor-widget-image\" data-id=\"97ce049\" data-element_type=\"widget\" data-widget_type=\"image.default\">\n\t\t\t\t\t\t\t\t\t\t\t\t\t\t\t<img loading=\"lazy\" decoding=\"async\" width=\"1140\" height=\"676\" src=\"https:\/\/sunnytrans.com.vn\/wp-content\/uploads\/2024\/07\/e314d552d5f85aa603e9325-1170x694.jpg\" class=\"attachment-large size-large wp-image-44843\" alt=\"\" srcset=\"https:\/\/sunnytrans.com.vn\/wp-content\/uploads\/2024\/07\/e314d552d5f85aa603e9325-1170x694.jpg 1170w, https:\/\/sunnytrans.com.vn\/wp-content\/uploads\/2024\/07\/e314d552d5f85aa603e9325-768x456.jpg 768w\" sizes=\"(max-width: 1140px) 100vw, 1140px\" \/>\t\t\t\t\t\t\t\t\t\t\t\t\t\t\t<\/div>\n\t\t\t\t\t<\/div>\n\t\t\t\t<\/div>\n\t\t\t\t<\/div>","protected":false},"excerpt":{"rendered":"<p>\u201cThe right result \u2013 The right way\u201d Our Performance To be a company where its people are natured and developed to the benefit of themselves and society&#8230;<\/p>","protected":false},"author":1,"featured_media":0,"parent":0,"menu_order":0,"comment_status":"closed","ping_status":"closed","template":"","meta":{"footnotes":""},"class_list":["post-44057","page","type-page","status-publish","hentry"],"_links":{"self":[{"href":"https:\/\/sunnytrans.com.vn\/vi\/wp-json\/wp\/v2\/pages\/44057","targetHints":{"allow":["GET"]}}],"collection":[{"href":"https:\/\/sunnytrans.com.vn\/vi\/wp-json\/wp\/v2\/pages"}],"about":[{"href":"https:\/\/sunnytrans.com.vn\/vi\/wp-json\/wp\/v2\/types\/page"}],"author":[{"embeddable":true,"href":"https:\/\/sunnytrans.com.vn\/vi\/wp-json\/wp\/v2\/users\/1"}],"replies":[{"embeddable":true,"href":"https:\/\/sunnytrans.com.vn\/vi\/wp-json\/wp\/v2\/comments?post=44057"}],"version-history":[{"count":31,"href":"https:\/\/sunnytrans.com.vn\/vi\/wp-json\/wp\/v2\/pages\/44057\/revisions"}],"predecessor-version":[{"id":44952,"href":"https:\/\/sunnytrans.com.vn\/vi\/wp-json\/wp\/v2\/pages\/44057\/revisions\/44952"}],"wp:attachment":[{"href":"https:\/\/sunnytrans.com.vn\/vi\/wp-json\/wp\/v2\/media?parent=44057"}],"curies":[{"name":"wp","href":"https:\/\/api.w.org\/{rel}","templated":true}]}}