{"id":44048,"date":"2024-07-22T06:49:00","date_gmt":"2024-07-22T06:49:00","guid":{"rendered":"https:\/\/wordpress.zozothemes.com\/tranzkart\/?page_id=44048"},"modified":"2025-12-17T09:51:50","modified_gmt":"2025-12-17T09:51:50","slug":"our-history","status":"publish","type":"page","link":"https:\/\/sunnytrans.com.vn\/vi\/our-history\/","title":{"rendered":"L\u1ecbch S\u1eed"},"content":{"rendered":"<div data-elementor-type=\"wp-page\" data-elementor-id=\"44048\" class=\"elementor elementor-44048\">\n\t\t\t\t\t\t<section class=\"elementor-section elementor-top-section elementor-element elementor-element-3ce4d5bf elementor-section-stretched elementor-section-content-middle elementor-section-boxed elementor-section-height-default elementor-section-height-default content-parallax-no\" data-id=\"3ce4d5bf\" data-element_type=\"section\" data-settings=\"{&quot;stretch_section&quot;:&quot;section-stretched&quot;,&quot;background_background&quot;:&quot;classic&quot;}\">\n\t\t\t\t\t\t\t<div class=\"elementor-background-overlay\"><\/div>\n\t\t\t\t\t\t\t<div class=\"elementor-container elementor-column-gap-default\">\n\t\t\t\t\t<div class=\"elementor-column elementor-col-100 elementor-top-column elementor-element elementor-element-2c0ff5f1\" data-id=\"2c0ff5f1\" data-element_type=\"column\" data-settings=\"{&quot;background_background&quot;:&quot;classic&quot;}\">\n\t\t\t<div class=\"elementor-widget-wrap elementor-element-populated\">\n\t\t\t\t\t<div class=\"elementor-background-overlay\"><\/div>\n\t\t\t\t\t\t<section class=\"elementor-section elementor-inner-section elementor-element elementor-element-4dcdf8eb elementor-section-boxed elementor-section-height-default elementor-section-height-default content-parallax-no\" data-id=\"4dcdf8eb\" data-element_type=\"section\">\n\t\t\t\t\t\t<div class=\"elementor-container elementor-column-gap-default\">\n\t\t\t\t\t<div class=\"elementor-column elementor-col-33 elementor-inner-column elementor-element elementor-element-56d38dc9\" data-id=\"56d38dc9\" data-element_type=\"column\">\n\t\t\t<div class=\"elementor-widget-wrap\">\n\t\t\t\t\t\t\t<\/div>\n\t\t<\/div>\n\t\t\t\t<div class=\"elementor-column elementor-col-33 elementor-inner-column elementor-element elementor-element-47481cea\" data-id=\"47481cea\" data-element_type=\"column\">\n\t\t\t<div class=\"elementor-widget-wrap elementor-element-populated\">\n\t\t\t\t\t\t<div class=\"elementor-element elementor-element-63d9127c cea-align-center cea-separator-type-normal elementor-invisible elementor-widget elementor-widget-ceasectiontitle\" data-id=\"63d9127c\" data-element_type=\"widget\" data-settings=\"{&quot;_animation&quot;:&quot;fadeInUp&quot;}\" data-widget_type=\"ceasectiontitle.default\">\n\t\t\t\t<div class=\"elementor-widget-container\">\n\t\t\t\t\t<div class=\"section-title-wrapper\"><div class=\"title-wrap\"><h2 class=\"section-title none cea-nrml\" data-animation=\"none\"  >Building a legacy of trust and excellence since 1995.<\/h2><div class=\"elementor-divider\"><span class=\"elementor-divider-separator\"><\/span><\/div><\/div><!-- .title-wrap --><div class=\"section-description\"><\/div><!-- .section-description --><\/div><!-- .section-title-wrapper -->\t\t\t\t<\/div>\n\t\t\t\t<\/div>\n\t\t\t\t\t<\/div>\n\t\t<\/div>\n\t\t\t\t<div class=\"elementor-column elementor-col-33 elementor-inner-column elementor-element elementor-element-456c32ce\" data-id=\"456c32ce\" data-element_type=\"column\">\n\t\t\t<div class=\"elementor-widget-wrap\">\n\t\t\t\t\t\t\t<\/div>\n\t\t<\/div>\n\t\t\t\t\t<\/div>\n\t\t<\/section>\n\t\t\t\t<section class=\"elementor-section elementor-inner-section elementor-element elementor-element-336f24e6 elementor-section-boxed elementor-section-height-default elementor-section-height-default content-parallax-no\" data-id=\"336f24e6\" data-element_type=\"section\">\n\t\t\t\t\t\t<div class=\"elementor-container elementor-column-gap-default\">\n\t\t\t\t\t<div class=\"elementor-column elementor-col-100 elementor-inner-column elementor-element elementor-element-6c40c8c\" data-id=\"6c40c8c\" data-element_type=\"column\">\n\t\t\t<div class=\"elementor-widget-wrap elementor-element-populated\">\n\t\t\t\t\t\t<div class=\"elementor-element elementor-element-77471fb6 elementor-invisible elementor-widget elementor-widget-ceatimeline\" data-id=\"77471fb6\" data-element_type=\"widget\" data-settings=\"{&quot;_animation&quot;:&quot;zoomIn&quot;}\" data-widget_type=\"ceatimeline.default\">\n\t\t\t\t<div class=\"elementor-widget-container\">\n\t\t\t\t\t<div class=\"timeline-wrapper timeline-style-1\"><ul class=\"timeline\"><li class=\"elementor-repeater-item-58f2e01\"><div class=\"timeline-badge rounded-circle\"><span class=\"separator-empty\"><\/span><\/div><div class=\"timeline-sep-title\">1995<\/div><div class=\"timeline-panel\"><div class=\"timeline-heading\"><h4 class=\"timeline-title\">Kh\u1edfi ngu\u1ed3n<\/h4><\/div><div class=\"timeline-body\">S\u1ef1 ra \u0111\u1eddi c\u1ee7a Sunny Transportation d\u01b0\u1edbi s\u1ef1 d\u1eabn d\u1eaft c\u1ee7a \u00d4ng B\u00f9i Quang H\u00f9ng, \u0111\u1eb7t nh\u1eefng vi\u00ean g\u1ea1ch \u0111\u1ea7u ti\u00ean cho h\u00e0nh tr\u00ecnh h\u01a1n ba th\u1eadp k\u1ef7 v\u1eadn h\u00e0nh chuy\u00ean nghi\u1ec7p. T\u1ea1i th\u1eddi \u0111i\u1ec3m n\u00e0y, ch\u00fang t\u00f4i vinh d\u1ef1 \u0111\u01b0\u1ee3c b\u1ed5 nhi\u1ec7m l\u00e0m \u0110\u1ea1i di\u1ec7n ch\u00ednh th\u1ee9c cho C\u1ea3ng Los Angeles.<\/div><\/div><\/li><!-- .timeline item li --><li class=\"timeline-inverted elementor-repeater-item-aff146e\"><div class=\"timeline-badge rounded-circle\"><span class=\"separator-empty\"><\/span><\/div><div class=\"timeline-sep-title\">1997<\/div><div class=\"timeline-panel\"><div class=\"timeline-heading\"><h4 class=\"timeline-title\">\u0110a d\u1ea1ng h\u00f3a<\/h4><\/div><div class=\"timeline-body\">Th\u00e0nh l\u1eadp Equator Co., Ltd., gi\u1eef vai tr\u00f2 Nh\u00e0 ph\u00e2n ph\u1ed1i \u0111\u1ed9c quy\u1ec1n cho th\u01b0\u01a1ng hi\u1ec7u Unique Gas (LPG)<\/div><\/div><\/li><!-- .timeline item li --><li class=\"elementor-repeater-item-6ca9ec8\"><div class=\"timeline-badge rounded-circle\"><span class=\"separator-empty\"><\/span><\/div><div class=\"timeline-sep-title\">2001<\/div><div class=\"timeline-panel\"><div class=\"timeline-heading\"><h4 class=\"timeline-title\">Chu\u1ea9n ho\u00e1<\/h4><\/div><div class=\"timeline-body\">Ch\u00ednh th\u1ee9c \u0111\u01b0\u1ee3c c\u00f4ng nh\u1eadn l\u00e0 \u0110\u1ea1i l\u00fd H\u00e0ng kh\u00f4ng IATA, kh\u1eb3ng \u0111\u1ecbnh cam k\u1ebft s\u1eaft \u0111\u00e1 \u0111\u1ed1i v\u1edbi c\u00e1c ti\u00eau chu\u1ea9n h\u00e0ng kh\u00f4ng kh\u1eaft khe nh\u1ea5t tr\u00ean to\u00e0n c\u1ea7u.<\/div><\/div><\/li><!-- .timeline item li --><li class=\"timeline-inverted elementor-repeater-item-7f1e1f6\"><div class=\"timeline-badge rounded-circle\"><span class=\"separator-empty\"><\/span><\/div><div class=\"timeline-sep-title\">2003<\/div><div class=\"timeline-panel\"><div class=\"timeline-heading\"><h4 class=\"timeline-title\">\u0110\u1ec9nh cao h\u00e0ng kh\u00f4ng<\/h4><\/div><div class=\"timeline-body\">Th\u00e0nh l\u1eadp Speedmark Vietnam; c\u00f9ng n\u0103m \u0111\u00f3, Sunnytrans vinh d\u1ef1 l\u1ecdt v\u00e0o danh s\u00e1ch TOP 5 \u0110\u1ea1i l\u00fd v\u1eadn chuy\u1ec3n h\u00e0ng \u0111\u1ea7u (Cargo Agents) c\u1ee7a hai h\u00e3ng h\u00e0ng kh\u00f4ng danh ti\u1ebfng: Singapore Airlines v\u00e0 Korean Air.<\/div><\/div><\/li><!-- .timeline item li --><li class=\"elementor-repeater-item-91f3e36\"><div class=\"timeline-badge rounded-circle\"><span class=\"separator-empty\"><\/span><\/div><div class=\"timeline-sep-title\">2005<\/div><div class=\"timeline-panel\"><div class=\"timeline-heading\"><h4 class=\"timeline-title\">H\u1ee3p t\u00e1c chi\u1ebfn l\u01b0\u1ee3c<\/h4><\/div><div class=\"timeline-body\">Thi\u1ebft l\u1eadp li\u00ean doanh Barwil Sunnytrans c\u00f9ng Wilhelmsen Ships Service \u2014 m\u1ed9t \"g\u00e3 kh\u1ed5ng l\u1ed3\" h\u00e0ng h\u1ea3i \u0111\u1ebfn t\u1eeb Na Uy v\u1edbi b\u1ec1 d\u00e0y 150 n\u0103m l\u1ecbch s\u1eed \u2014 \u0111\u1ec3 cung c\u1ea5p c\u00e1c gi\u1ea3i ph\u00e1p \u0110\u1ea1i l\u00fd t\u00e0u bi\u1ec3n chuy\u00ean nghi\u1ec7p v\u00e0 \u0111\u1eb3ng c\u1ea5p.<\/div><\/div><\/li><!-- .timeline item li --><li class=\"timeline-inverted elementor-repeater-item-69b0f17\"><div class=\"timeline-badge rounded-circle\"><span class=\"separator-empty\"><\/span><\/div><div class=\"timeline-sep-title\">2007<\/div><div class=\"timeline-panel\"><div class=\"timeline-heading\"><h4 class=\"timeline-title\">H\u1ee3p t\u00e1c qu\u1ed1c t\u1ebf<\/h4><\/div><div class=\"timeline-body\">Tr\u1edf th\u00e0nh \u0110\u1ea1i l\u00fd T\u1ed5ng quy\u1ec1n (GSSA) cho Qantas Freight \u2014 H\u00e3ng h\u00e0ng kh\u00f4ng qu\u1ed1c gia Australia, b\u1ea3o ch\u1ee9ng cho n\u0103ng l\u1ef1c k\u1ebft n\u1ed1i to\u00e0n c\u1ea7u c\u1ee7a Sunnytrans.<\/div><\/div><\/li><!-- .timeline item li --><li class=\"elementor-repeater-item-afd3c35\"><div class=\"timeline-badge rounded-circle\"><span class=\"separator-empty\"><\/span><\/div><div class=\"timeline-sep-title\">2009<\/div><div class=\"timeline-panel\"><div class=\"timeline-heading\"><h4 class=\"timeline-title\">Li\u00ean minh chi\u1ebfn l\u01b0\u1ee3c<\/h4><\/div><div class=\"timeline-body\">Ch\u00ednh th\u1ee9c \u0111\u01b0\u1ee3c c\u00f4ng nh\u1eadn l\u00e0 \u0110\u1ed1i t\u00e1c Chi\u1ebfn l\u01b0\u1ee3c c\u1ee7a ExxonMobil, c\u1ee7ng c\u1ed1 v\u1ecb th\u1ebf trong ng\u00e0nh n\u0103ng l\u01b0\u1ee3ng v\u00e0 d\u1ea7u nh\u1eddn cao c\u1ea5p.<\/div><\/div><\/li><!-- .timeline item li --><li class=\"timeline-inverted elementor-repeater-item-acf4f2d\"><div class=\"timeline-badge rounded-circle\"><span class=\"separator-empty\"><\/span><\/div><div class=\"timeline-sep-title\">2010<\/div><div class=\"timeline-panel\"><div class=\"timeline-heading\"><h4 class=\"timeline-title\">D\u1eabn \u0111\u1ea7u th\u1ecb tr\u01b0\u1eddng<\/h4><\/div><div class=\"timeline-body\">\u0110\u01b0\u1ee3c b\u1ed5 nhi\u1ec7m l\u00e0m Nh\u00e0 ph\u00e2n ph\u1ed1i Chi\u1ebfn l\u01b0\u1ee3c v\u00e0 \u0110\u1ed9c quy\u1ec1n c\u1ee7a Total, ch\u1ecbu tr\u00e1ch nhi\u1ec7m ph\u00e2n ph\u1ed1i d\u00f2ng s\u1ea3n ph\u1ea9m D\u1ea7u nh\u1eddn PCI t\u1ea1i khu v\u1ef1c mi\u1ec1n Trung Vi\u1ec7t Nam.<\/div><\/div><\/li><!-- .timeline item li --><li class=\"elementor-repeater-item-dfb39fb\"><div class=\"timeline-badge rounded-circle\"><span class=\"separator-empty\"><\/span><\/div><div class=\"timeline-sep-title\">2011<\/div><div class=\"timeline-panel\"><div class=\"timeline-heading\"><h4 class=\"timeline-title\">V\u01b0\u01a1n t\u1ea7m qu\u1ed1c t\u1ebf <\/h4><\/div><div class=\"timeline-body\">\u0110\u00e1nh d\u1ea5u b\u01b0\u1edbc ngo\u1eb7t v\u01b0\u01a1n ra bi\u1ec3n l\u1edbn v\u1edbi vi\u1ec7c khai tr\u01b0\u01a1ng v\u0103n ph\u00f2ng \u0111\u1ea1i di\u1ec7n qu\u1ed1c t\u1ebf \u0111\u1ea7u ti\u00ean t\u1ea1i Singapore.<\/div><\/div><\/li><!-- .timeline item li --><li class=\"timeline-inverted elementor-repeater-item-da8da5e\"><div class=\"timeline-badge rounded-circle\"><span class=\"separator-empty\"><\/span><\/div><div class=\"timeline-sep-title\">2012<\/div><div class=\"timeline-panel\"><div class=\"timeline-heading\"><h4 class=\"timeline-title\">D\u1ea5u \u1ea5n Khu v\u1ef1c<\/h4><\/div><div class=\"timeline-body\">Ti\u1ebfp n\u1ed1i h\u00e0nh tr\u00ecnh m\u1edf r\u1ed9ng t\u1ea7m \u1ea3nh h\u01b0\u1edfng t\u1ea1i khu v\u1ef1c \u0110\u00f4ng Nam \u00c1 v\u1edbi v\u0103n ph\u00f2ng qu\u1ed1c t\u1ebf th\u1ee9 hai \u0111\u01b0\u1ee3c th\u00e0nh l\u1eadp t\u1ea1i L\u00e0o.<\/div><\/div><\/li><!-- .timeline item li --><\/ul><\/div><!-- .timeline-wrapper -->\t\t\t\t<\/div>\n\t\t\t\t<\/div>\n\t\t\t\t\t<\/div>\n\t\t<\/div>\n\t\t\t\t\t<\/div>\n\t\t<\/section>\n\t\t\t\t\t<\/div>\n\t\t<\/div>\n\t\t\t\t\t<\/div>\n\t\t<\/section>\n\t\t\t\t<\/div>","protected":false},"excerpt":{"rendered":"<p>Building a legacy of trust and excellence since 1995. 1995 The Foundation Establishement of Sunny Transportation, and we was proudly appointed as the Representative for the Port..<\/p>","protected":false},"author":1,"featured_media":0,"parent":0,"menu_order":0,"comment_status":"closed","ping_status":"closed","template":"","meta":{"footnotes":""},"class_list":["post-44048","page","type-page","status-publish","hentry"],"_links":{"self":[{"href":"https:\/\/sunnytrans.com.vn\/vi\/wp-json\/wp\/v2\/pages\/44048","targetHints":{"allow":["GET"]}}],"collection":[{"href":"https:\/\/sunnytrans.com.vn\/vi\/wp-json\/wp\/v2\/pages"}],"about":[{"href":"https:\/\/sunnytrans.com.vn\/vi\/wp-json\/wp\/v2\/types\/page"}],"author":[{"embeddable":true,"href":"https:\/\/sunnytrans.com.vn\/vi\/wp-json\/wp\/v2\/users\/1"}],"replies":[{"embeddable":true,"href":"https:\/\/sunnytrans.com.vn\/vi\/wp-json\/wp\/v2\/comments?post=44048"}],"version-history":[{"count":18,"href":"https:\/\/sunnytrans.com.vn\/vi\/wp-json\/wp\/v2\/pages\/44048\/revisions"}],"predecessor-version":[{"id":44780,"href":"https:\/\/sunnytrans.com.vn\/vi\/wp-json\/wp\/v2\/pages\/44048\/revisions\/44780"}],"wp:attachment":[{"href":"https:\/\/sunnytrans.com.vn\/vi\/wp-json\/wp\/v2\/media?parent=44048"}],"curies":[{"name":"wp","href":"https:\/\/api.w.org\/{rel}","templated":true}]}}