{"id":44019,"date":"2024-07-22T06:41:00","date_gmt":"2024-07-22T06:41:00","guid":{"rendered":"https:\/\/wordpress.zozothemes.com\/tranzkart\/?page_id=44019"},"modified":"2026-04-09T10:17:49","modified_gmt":"2026-04-09T10:17:49","slug":"careers","status":"publish","type":"page","link":"https:\/\/sunnytrans.com.vn\/vi\/careers\/","title":{"rendered":"Tuy\u1ec3n d\u1ee5ng"},"content":{"rendered":"<div data-elementor-type=\"wp-page\" data-elementor-id=\"44019\" class=\"elementor elementor-44019\">\n\t\t\t\t\t\t<section class=\"elementor-section elementor-top-section elementor-element elementor-element-5e71145d elementor-section-stretched elementor-section-boxed elementor-section-height-default elementor-section-height-default content-parallax-no\" data-id=\"5e71145d\" data-element_type=\"section\" data-settings=\"{&quot;stretch_section&quot;:&quot;section-stretched&quot;,&quot;background_background&quot;:&quot;classic&quot;}\">\n\t\t\t\t\t\t<div class=\"elementor-container elementor-column-gap-default\">\n\t\t\t\t\t<div class=\"elementor-column elementor-col-50 elementor-top-column elementor-element elementor-element-180f3fab\" data-id=\"180f3fab\" data-element_type=\"column\">\n\t\t\t<div class=\"elementor-widget-wrap elementor-element-populated\">\n\t\t\t\t\t\t<div class=\"elementor-element elementor-element-7d2894e8 cea-view-framed cea-shape-circle elementor-widget elementor-widget-ceafeaturebox\" data-id=\"7d2894e8\" data-element_type=\"widget\" data-widget_type=\"ceafeaturebox.default\">\n\t\t\t\t<div class=\"elementor-widget-container feature-box-wrapper feature-box-default\">\n\t\t\t<div class=\"feature-box-inner\"><h4 class=\"feature-box-title\">Nh\u00e2n vi\u00ean Fowarding<\/h4><div class=\"fbox-content\"><a href=\"#\" class=\"theme-color\">Hai Phong<\/a> | Full-Time, Temporary Or Contact<\/div>\t\t\t\t<div class=\"cea-button-wrapper\">\n\t\t\t\t\t<a href=\"mailto:hc@sunnytrans.com.vn\" target=\"_blank\" rel=\"nofollow\" class=\"cea-button-link elementor-button cea-button elementor-size-xs\">\n\t\t\t\t\t\t\t\t<span class=\"cea-button-content-wrapper\">\n\t\t\t\t\t\t<span class=\"cea-button-icon cea-align-icon-\">\n\t\t\t\t\t\t\t<\/span>\n\t\t\t\t\t\t<span class=\"cea-button-text\">Apply Now<\/span>\n\t\t<\/span>\n\t\t\t\t\t\t\t<\/a>\n\t\t\t\t<\/div>\n\t\t\t\t<\/div>\t\t<\/div>\n\t\t\t\t<\/div>\n\t\t\t\t\t<\/div>\n\t\t<\/div>\n\t\t\t\t<div class=\"elementor-column elementor-col-50 elementor-top-column elementor-element elementor-element-7bd3bbc\" data-id=\"7bd3bbc\" data-element_type=\"column\">\n\t\t\t<div class=\"elementor-widget-wrap elementor-element-populated\">\n\t\t\t\t\t\t<div class=\"elementor-element elementor-element-5b8364cd cea-view-framed cea-shape-circle elementor-widget elementor-widget-ceafeaturebox\" data-id=\"5b8364cd\" data-element_type=\"widget\" data-widget_type=\"ceafeaturebox.default\">\n\t\t\t\t<div class=\"elementor-widget-container feature-box-wrapper feature-box-default\">\n\t\t\t<div class=\"feature-box-inner\"><h4 class=\"feature-box-title\">WordPress Developer<\/h4><div class=\"fbox-content\"><a href=\"#\" class=\"theme-color\">Ho Chi Minh<\/a> | Full-Time<\/div>\t\t\t\t<div class=\"cea-button-wrapper\">\n\t\t\t\t\t<a href=\"mailto:hc@sunnytrans.com.vn\" class=\"cea-button-link elementor-button cea-button elementor-size-xs\">\n\t\t\t\t\t\t\t\t<span class=\"cea-button-content-wrapper\">\n\t\t\t\t\t\t<span class=\"cea-button-icon cea-align-icon-\">\n\t\t\t\t\t\t\t<\/span>\n\t\t\t\t\t\t<span class=\"cea-button-text\">Apply Now<\/span>\n\t\t<\/span>\n\t\t\t\t\t\t\t<\/a>\n\t\t\t\t<\/div>\n\t\t\t\t<\/div>\t\t<\/div>\n\t\t\t\t<\/div>\n\t\t\t\t\t<\/div>\n\t\t<\/div>\n\t\t\t\t\t<\/div>\n\t\t<\/section>\n\t\t\t\t<section class=\"elementor-section elementor-top-section elementor-element elementor-element-bf1d10b elementor-section-stretched elementor-section-boxed elementor-section-height-default elementor-section-height-default content-parallax-no\" data-id=\"bf1d10b\" data-element_type=\"section\" data-settings=\"{&quot;stretch_section&quot;:&quot;section-stretched&quot;,&quot;background_background&quot;:&quot;classic&quot;}\">\n\t\t\t\t\t\t\t<div class=\"elementor-background-overlay\"><\/div>\n\t\t\t\t\t\t\t<div class=\"elementor-container elementor-column-gap-default\">\n\t\t\t\t\t<div class=\"elementor-column elementor-col-100 elementor-top-column elementor-element elementor-element-467f9457\" data-id=\"467f9457\" data-element_type=\"column\" data-settings=\"{&quot;background_background&quot;:&quot;classic&quot;}\">\n\t\t\t<div class=\"elementor-widget-wrap elementor-element-populated\">\n\t\t\t\t\t<div class=\"elementor-background-overlay\"><\/div>\n\t\t\t\t\t\t<section class=\"elementor-section elementor-inner-section elementor-element elementor-element-15df0e81 elementor-section-content-bottom elementor-section-boxed elementor-section-height-default elementor-section-height-default content-parallax-no\" data-id=\"15df0e81\" data-element_type=\"section\">\n\t\t\t\t\t\t<div class=\"elementor-container elementor-column-gap-wide\">\n\t\t\t\t\t<div class=\"elementor-column elementor-col-50 elementor-inner-column elementor-element elementor-element-1832d355 blur-shaded\" data-id=\"1832d355\" data-element_type=\"column\">\n\t\t\t<div class=\"elementor-widget-wrap elementor-element-populated\">\n\t\t\t\t\t\t<div class=\"elementor-element elementor-element-453da7 cea-align-left elementor-widget elementor-widget-ceasectiontitle\" data-id=\"453da7\" data-element_type=\"widget\" data-widget_type=\"ceasectiontitle.default\">\n\t\t\t\t<div class=\"elementor-widget-container\">\n\t\t\t\t\t<div class=\"section-title-wrapper\"><div class=\"title-wrap\"><span class=\"sub-title\"><span class=\"subtitle-dots\" >Gia nh\u1eadp \u0111\u1ed9i ng\u0169 c\u1ee7a Sunnytrans<\/span><\/span><h2 class=\"section-title none cea-nrml\" data-animation=\"none\"  >Join & Achive Your Dream Job.<\/h2><\/div><!-- .title-wrap --><div class=\"section-description\">\t\t\t\t\t<div class=\"cea-button-wrapper\">\n\t\t\t\t\t\t<a href=\"#\" class=\"cea-button-link elementor-button cea-button elementor-size-sm\">\n\t\t\t\t\t\t\t\t\t<span class=\"cea-button-content-wrapper\">\n\t\t\t\t\t\t<span class=\"cea-button-icon cea-align-icon-left\">\n\t\t\t\t<i aria-hidden=\"true\" class=\"bi-cloud-upload\"><\/i>\t\t\t<\/span>\n\t\t\t\t\t\t<span class=\"cea-button-text\">G\u1eecI CV<\/span>\n\t\t<\/span>\n\t\t\t\t\t\t\t\t<\/a>\n\t\t\t\t\t<\/div>\n\t\t\t\t\t<\/div><!-- .section-description --><\/div><!-- .section-title-wrapper -->\t\t\t\t<\/div>\n\t\t\t\t<\/div>\n\t\t\t\t\t<\/div>\n\t\t<\/div>\n\t\t\t\t<div class=\"elementor-column elementor-col-50 elementor-inner-column elementor-element elementor-element-2b24bd36\" data-id=\"2b24bd36\" data-element_type=\"column\">\n\t\t\t<div class=\"elementor-widget-wrap\">\n\t\t\t\t\t\t\t<\/div>\n\t\t<\/div>\n\t\t\t\t\t<\/div>\n\t\t<\/section>\n\t\t\t\t\t<\/div>\n\t\t<\/div>\n\t\t\t\t\t<\/div>\n\t\t<\/section>\n\t\t\t\t<section class=\"elementor-section elementor-top-section elementor-element elementor-element-31c0195a elementor-section-stretched elementor-section-boxed elementor-section-height-default elementor-section-height-default content-parallax-no\" data-id=\"31c0195a\" data-element_type=\"section\" data-settings=\"{&quot;stretch_section&quot;:&quot;section-stretched&quot;,&quot;background_background&quot;:&quot;classic&quot;}\">\n\t\t\t\t\t\t\t<div class=\"elementor-background-overlay\"><\/div>\n\t\t\t\t\t\t\t<div class=\"elementor-container elementor-column-gap-no\">\n\t\t\t\t\t<div class=\"elementor-column elementor-col-50 elementor-top-column elementor-element elementor-element-434f848c\" data-id=\"434f848c\" data-element_type=\"column\">\n\t\t\t<div class=\"elementor-widget-wrap elementor-element-populated\">\n\t\t\t\t\t\t<div class=\"elementor-element elementor-element-3b234371 cea-separator-type-normal elementor-invisible elementor-widget elementor-widget-ceasectiontitle\" data-id=\"3b234371\" data-element_type=\"widget\" data-settings=\"{&quot;_animation&quot;:&quot;fadeInUp&quot;}\" data-widget_type=\"ceasectiontitle.default\">\n\t\t\t\t<div class=\"elementor-widget-container\">\n\t\t\t\t\t<div class=\"section-title-wrapper\"><div class=\"title-wrap\"><span class=\"sub-title\"><span class=\"subtitle-dots\" >M\u00f4i tr\u01b0\u1eddng l\u00e0m vi\u1ec7c<\/span><\/span><h2 class=\"section-title none cea-nrml\" data-animation=\"none\"  >Your Work Life at Sunnytrans<\/h2><div class=\"elementor-divider\"><span class=\"elementor-divider-separator\"><\/span><\/div><\/div><!-- .title-wrap --><div class=\"section-description\"><p class=\"section-content\">T\u1ea1i Sunnytrans, t\u1eeb n\u0103m 1995, ch\u00fang t\u00f4i kh\u00f4ng ch\u1ec9 x\u00e2y d\u1ef1ng m\u1ed9t doanh nghi\u1ec7p m\u00e0 c\u00f2n ki\u1ebfn t\u1ea1o m\u1ed9t m\u00f4i tr\u01b0\u1eddng \u0111\u1ec3 m\u1ed7i c\u00e1 nh\u00e2n \u0111\u01b0\u1ee3c ph\u00e1t tri\u1ec3n v\u00e0 \u0111\u00f3ng g\u00f3p cho c\u1ed9ng \u0111\u1ed3ng, x\u00e3 h\u1ed9i.<\/p><\/div><!-- .section-description --><\/div><!-- .section-title-wrapper -->\t\t\t\t<\/div>\n\t\t\t\t<\/div>\n\t\t\t\t\t<\/div>\n\t\t<\/div>\n\t\t\t\t<div class=\"elementor-column elementor-col-50 elementor-top-column elementor-element elementor-element-70656330\" data-id=\"70656330\" data-element_type=\"column\">\n\t\t\t<div class=\"elementor-widget-wrap elementor-element-populated\">\n\t\t\t\t\t\t<section class=\"elementor-section elementor-inner-section elementor-element elementor-element-1e9817e6 elementor-section-boxed elementor-section-height-default elementor-section-height-default content-parallax-no\" data-id=\"1e9817e6\" data-element_type=\"section\">\n\t\t\t\t\t\t<div class=\"elementor-container elementor-column-gap-default\">\n\t\t\t\t\t<div class=\"elementor-column elementor-col-50 elementor-inner-column elementor-element elementor-element-ed594f3\" data-id=\"ed594f3\" data-element_type=\"column\">\n\t\t\t<div class=\"elementor-widget-wrap elementor-element-populated\">\n\t\t\t\t\t\t<div class=\"elementor-element elementor-element-dfd543c cea-view-default elementor-widget elementor-widget-ceafeaturebox\" data-id=\"dfd543c\" data-element_type=\"widget\" data-widget_type=\"ceafeaturebox.default\">\n\t\t\t\t<div class=\"elementor-widget-container feature-box-wrapper feature-box-default\">\n\t\t\t<div class=\"feature-box-inner\"><div class=\"cea-featured-icon\"><i aria-hidden=\"true\" class=\"bi-back\"><\/i><\/div><h4 class=\"feature-box-title\">\u1ed4n \u0111\u1ecbnh &amp; Chuy\u00ean nghi\u1ec7p<\/h4><div class=\"fbox-content\">L\u00e0 m\u1ed9t trong nh\u1eefng c\u00f4ng ty v\u1eadn t\u1ea3i v\u00e0 giao nh\u1eadn t\u01b0 nh\u00e2n ti\u00ean phong t\u1ea1i Vi\u1ec7t Nam, Sunnytrans mang \u0111\u1ebfn m\u1ed9t m\u00f4i tr\u01b0\u1eddng l\u00e0m vi\u1ec7c v\u1eefng v\u00e0ng, chuy\u00ean nghi\u1ec7p, v\u1eadn h\u00e0nh theo c\u00e1c ti\u00eau chu\u1ea9n ISO, ph\u00f9 h\u1ee3p v\u00f3i c\u00e1c c\u00e1 nh\u00e2n c\u00f3 mong mu\u1ed1n s\u1ef1 nghi\u1ec7p l\u00e2u d\u00e0i trong m\u1ed9t t\u1ed5 ch\u1ee9c uy t\u00edn v\u00e0 gi\u00e0u kinh nghi\u1ec7m.<\/div><\/div>\t\t<\/div>\n\t\t\t\t<\/div>\n\t\t\t\t<div class=\"elementor-element elementor-element-2f7752ff cea-view-default elementor-widget elementor-widget-ceafeaturebox\" data-id=\"2f7752ff\" data-element_type=\"widget\" data-widget_type=\"ceafeaturebox.default\">\n\t\t\t\t<div class=\"elementor-widget-container feature-box-wrapper feature-box-default\">\n\t\t\t<div class=\"feature-box-inner\"><div class=\"cea-featured-icon\"><svg aria-hidden=\"true\" class=\"e-font-icon-svg e-fas-location-arrow\" viewbox=\"0 0 512 512\" xmlns=\"http:\/\/www.w3.org\/2000\/svg\"><path d=\"M444.52 3.52L28.74 195.42c-47.97 22.39-31.98 92.75 19.19 92.75h175.91v175.91c0 51.17 70.36 67.17 92.75 19.19l191.9-415.78c15.99-38.39-25.59-79.97-63.97-63.97z\"><\/path><\/svg><\/div><h5 class=\"feature-box-title\">\u0110\u1ecba \u0111i\u1ec3m thu\u1eadn ti\u1ec7n<\/h5><div class=\"fbox-content\">V\u0103n ph\u00f2ng c\u1ee7a ch\u00fang t\u00f4i t\u1ecda l\u1ea1c t\u1ea1i nh\u1eefng v\u1ecb tr\u00ed thu\u1eadn l\u1ee3i trong th\u00e0nh ph\u1ed1, gi\u00fap vi\u1ec7c di chuy\u1ec3n h\u1eb1ng ng\u00e0y c\u1ee7a b\u1ea1n tr\u1edf n\u00ean d\u1ec5 d\u00e0ng v\u00e0 ti\u1ebft ki\u1ec7m th\u1eddi gian h\u01a1n. Ch\u00fang t\u00f4i tin r\u1eb1ng m\u1ed9t \u0111\u1ecba \u0111i\u1ec3m l\u00e0m vi\u1ec7c thu\u1eadn ti\u1ec7n kh\u00f4ng ch\u1ec9 n\u00e2ng cao hi\u1ec7u su\u1ea5t m\u00e0 c\u00f2n g\u00f3p ph\u1ea7n duy tr\u00ec s\u1ef1 c\u00e2n b\u1eb1ng l\u00e0nh m\u1ea1nh gi\u1eefa c\u00f4ng vi\u1ec7c v\u00e0 cu\u1ed9c s\u1ed1ng.<\/div><\/div>\t\t<\/div>\n\t\t\t\t<\/div>\n\t\t\t\t\t<\/div>\n\t\t<\/div>\n\t\t\t\t<div class=\"elementor-column elementor-col-50 elementor-inner-column elementor-element elementor-element-4cccbd11\" data-id=\"4cccbd11\" data-element_type=\"column\">\n\t\t\t<div class=\"elementor-widget-wrap elementor-element-populated\">\n\t\t\t\t\t\t<div class=\"elementor-element elementor-element-44d6a8d0 cea-view-default elementor-widget elementor-widget-ceafeaturebox\" data-id=\"44d6a8d0\" data-element_type=\"widget\" data-widget_type=\"ceafeaturebox.default\">\n\t\t\t\t<div class=\"elementor-widget-container feature-box-wrapper feature-box-default\">\n\t\t\t<div class=\"feature-box-inner\"><div class=\"cea-featured-icon\"><i aria-hidden=\"true\" class=\"ti ti-user\"><\/i><\/div><h5 class=\"feature-box-title\">\u0110\u1ed3ng nghi\u1ec7p gi\u00e0u kinh nghi\u1ec7m<\/h5><div class=\"fbox-content\">B\u1ea1n s\u1ebd l\u00e0m vi\u1ec7c c\u00f9ng \u0111\u1ed9i ng\u0169 h\u01a1n 60 nh\u00e2n s\u1ef1 v\u1eadn h\u00e0nh v\u1edbi th\u00e2m ni\u00ean trung b\u00ecnh t\u1eeb 15+. T\u1ea1i Sunnytrans Group, ch\u00fang t\u00f4i lu\u00f4n s\u1eb5n s\u00e0ng chia s\u1ebb ki\u1ebfn th\u1ee9c th\u1ef1c ti\u1ec5n, gi\u00fap b\u1ea1n ph\u00e1t tri\u1ec3n k\u1ef9 n\u0103ng qu\u1ea3n l\u00fd v\u00e0 n\u00e2ng cao chuy\u00ean m\u00f4n trong l\u0129nh v\u1ef1c logistics.<\/div><\/div>\t\t<\/div>\n\t\t\t\t<\/div>\n\t\t\t\t<div class=\"elementor-element elementor-element-3e2f1fcf cea-view-default elementor-widget elementor-widget-ceafeaturebox\" data-id=\"3e2f1fcf\" data-element_type=\"widget\" data-widget_type=\"ceafeaturebox.default\">\n\t\t\t\t<div class=\"elementor-widget-container feature-box-wrapper feature-box-default\">\n\t\t\t<div class=\"feature-box-inner\"><div class=\"cea-featured-icon\"><svg aria-hidden=\"true\" class=\"e-font-icon-svg e-fas-award\" viewbox=\"0 0 384 512\" xmlns=\"http:\/\/www.w3.org\/2000\/svg\"><path d=\"M97.12 362.63c-8.69-8.69-4.16-6.24-25.12-11.85-9.51-2.55-17.87-7.45-25.43-13.32L1.2 448.7c-4.39 10.77 3.81 22.47 15.43 22.03l52.69-2.01L105.56 507c8 8.44 22.04 5.81 26.43-4.96l52.05-127.62c-10.84 6.04-22.87 9.58-35.31 9.58-19.5 0-37.82-7.59-51.61-21.37zM382.8 448.7l-45.37-111.24c-7.56 5.88-15.92 10.77-25.43 13.32-21.07 5.64-16.45 3.18-25.12 11.85-13.79 13.78-32.12 21.37-51.62 21.37-12.44 0-24.47-3.55-35.31-9.58L252 502.04c4.39 10.77 18.44 13.4 26.43 4.96l36.25-38.28 52.69 2.01c11.62.44 19.82-11.27 15.43-22.03zM263 340c15.28-15.55 17.03-14.21 38.79-20.14 13.89-3.79 24.75-14.84 28.47-28.98 7.48-28.4 5.54-24.97 25.95-45.75 10.17-10.35 14.14-25.44 10.42-39.58-7.47-28.38-7.48-24.42 0-52.83 3.72-14.14-.25-29.23-10.42-39.58-20.41-20.78-18.47-17.36-25.95-45.75-3.72-14.14-14.58-25.19-28.47-28.98-27.88-7.61-24.52-5.62-44.95-26.41-10.17-10.35-25-14.4-38.89-10.61-27.87 7.6-23.98 7.61-51.9 0-13.89-3.79-28.72.25-38.89 10.61-20.41 20.78-17.05 18.8-44.94 26.41-13.89 3.79-24.75 14.84-28.47 28.98-7.47 28.39-5.54 24.97-25.95 45.75-10.17 10.35-14.15 25.44-10.42 39.58 7.47 28.36 7.48 24.4 0 52.82-3.72 14.14.25 29.23 10.42 39.59 20.41 20.78 18.47 17.35 25.95 45.75 3.72 14.14 14.58 25.19 28.47 28.98C104.6 325.96 106.27 325 121 340c13.23 13.47 33.84 15.88 49.74 5.82a39.676 39.676 0 0 1 42.53 0c15.89 10.06 36.5 7.65 49.73-5.82zM97.66 175.96c0-53.03 42.24-96.02 94.34-96.02s94.34 42.99 94.34 96.02-42.24 96.02-94.34 96.02-94.34-42.99-94.34-96.02z\"><\/path><\/svg><\/div><h5 class=\"feature-box-title\">Ghi nh\u1eadn th\u00e0nh t\u00edch<\/h5><div class=\"fbox-content\">Ch\u00fang t\u00f4i lu\u00f4n tr\u00e2n tr\u1ecdng v\u00e0 ghi nh\u1eadn nh\u1eefng n\u1ed7 l\u1ef1c c\u1ee7a \u0111\u1ed9i ng\u0169 nh\u00e2n s\u1ef1 d\u1ef1a tr\u00ean hi\u1ec7u qu\u1ea3 c\u00f4ng vi\u1ec7c m\u1ed9t c\u00e1ch minh b\u1ea1ch, nh\u1eb1m t\u00f4n vinh nh\u1eefng \u0111\u00f3ng g\u00f3p n\u1ed5i b\u1eadt v\u00e0 t\u1ea1o \u0111\u1ed9ng l\u1ef1c \u0111\u1ec3 b\u1ea1n ti\u1ebfp t\u1ee5c chinh ph\u1ee5c nh\u1eefng c\u1ed9t m\u1ed1c m\u1edbi trong h\u00e0nh tr\u00ecnh s\u1ef1 nghi\u1ec7p.<\/div><\/div>\t\t<\/div>\n\t\t\t\t<\/div>\n\t\t\t\t\t<\/div>\n\t\t<\/div>\n\t\t\t\t\t<\/div>\n\t\t<\/section>\n\t\t\t\t\t<\/div>\n\t\t<\/div>\n\t\t\t\t\t<\/div>\n\t\t<\/section>\n\t\t\t\t<\/div>","protected":false},"excerpt":{"rendered":"<p>Forwarding Hai Phong | Full-Time, Temporary Or Contact Apply Now WordPress Developer Ho Chi Minh | Full-Time Apply Now Join with Us Join &#038; Achive Your Dream..<\/p>","protected":false},"author":1,"featured_media":0,"parent":0,"menu_order":0,"comment_status":"closed","ping_status":"closed","template":"","meta":{"footnotes":""},"class_list":["post-44019","page","type-page","status-publish","hentry"],"_links":{"self":[{"href":"https:\/\/sunnytrans.com.vn\/vi\/wp-json\/wp\/v2\/pages\/44019","targetHints":{"allow":["GET"]}}],"collection":[{"href":"https:\/\/sunnytrans.com.vn\/vi\/wp-json\/wp\/v2\/pages"}],"about":[{"href":"https:\/\/sunnytrans.com.vn\/vi\/wp-json\/wp\/v2\/types\/page"}],"author":[{"embeddable":true,"href":"https:\/\/sunnytrans.com.vn\/vi\/wp-json\/wp\/v2\/users\/1"}],"replies":[{"embeddable":true,"href":"https:\/\/sunnytrans.com.vn\/vi\/wp-json\/wp\/v2\/comments?post=44019"}],"version-history":[{"count":21,"href":"https:\/\/sunnytrans.com.vn\/vi\/wp-json\/wp\/v2\/pages\/44019\/revisions"}],"predecessor-version":[{"id":45452,"href":"https:\/\/sunnytrans.com.vn\/vi\/wp-json\/wp\/v2\/pages\/44019\/revisions\/45452"}],"wp:attachment":[{"href":"https:\/\/sunnytrans.com.vn\/vi\/wp-json\/wp\/v2\/media?parent=44019"}],"curies":[{"name":"wp","href":"https:\/\/api.w.org\/{rel}","templated":true}]}}